{"id":4564,"date":"2024-02-28T18:58:47","date_gmt":"2024-02-28T18:58:47","guid":{"rendered":"https:\/\/acuiteqc.ca\/?page_id=4564"},"modified":"2026-03-15T05:59:39","modified_gmt":"2026-03-15T05:59:39","slug":"a-propos","status":"publish","type":"page","link":"https:\/\/acuiteqc.ca\/?page_id=4564","title":{"rendered":"\u00c0 propos"},"content":{"rendered":"<div class=\"brz-root__container brz-reset-all brz brz-root__container-page\">\n<section id=\"_pF09yKnul1km\" class=\"brz-section brz-section__header brz-css-1tm0sch\">\n<div class=\"brz-section__header--animated brz-css-1tm0sch\">\n<div class=\"brz-section__header-sticky-item brz-css-mblja0\" data-brz-custom-id=\"abH5psgotGqJ\">\n<div class=\"brz-bg\">\n<div class=\"brz-bg-color\"><\/div>\n<\/div>\n<div class=\"brz-container brz-css-1fz78di\">\n<div class=\"brz-row__container brz-css-1fcmfds\" data-brz-custom-id=\"xqt3WbrcaJ5V\">\n<div class=\"brz-bg\"><\/div>\n<div class=\"brz-row brz-css-1slbpyg brz-css-1p5ewy5\">\n<div class=\"brz-columns brz-css-eexrt6 brz-css-779u1r\" data-brz-custom-id=\"ipga1H4SLJyt\">\n<div class=\"brz-bg\"><\/div>\n<div class=\"brz-column__items brz-css-dgdo25 brz-css-zjy56t\">\n<div id=\"\" class=\"brz-css-18rn53z brz-css-1yprqrf brz-wrapper\">\n<div class=\"brz-image brz-css-4u60xt brz-css-jlgkfh\" data-brz-custom-id=\"x2A_79fiJmti\"><img decoding=\"async\" class=\"brz-img\" src=\"https:\/\/acuiteqc.ca\/wp-content\/uploads\/2024\/02\/cropped-logo_acuite_qc_couleur_fr-e1645818657209.png\" alt=\"\" loading=\"lazy\"><\/div>\n<\/div>\n<\/div>\n<\/div>\n<div class=\"brz-columns brz-css-eexrt6 brz-css-vp2oam\" data-brz-custom-id=\"np3f1snBTaKi\">\n<div class=\"brz-bg\"><\/div>\n<div class=\"brz-column__items brz-css-dgdo25 brz-css-y8dtr3\">\n<div id=\"\" class=\"brz-css-18rn53z brz-wrapper\">\n<div class=\"brz-menu__container brz-css-1s5qg7v brz-css-116mled\" data-mmenu-id=\"#jubwkX8gTMCg_\" data-mmenu-position=\"position-left\" data-mmenu-title=\"Main Menu\" data-mmenu-stickytitle=\"on\" data-mmenu-closingicon=\"%7B%22desktop%22%3A%22off%22%2C%22tablet%22%3A%22off%22%2C%22mobile%22%3A%22off%22%7D\" data-brz-custom-id=\"jubwkX8gTMCg\">\n<nav data-mods=\"%7B%22desktop%22%3A%22horizontal%22%2C%22tablet%22%3A%22horizontal%22%2C%22mobile%22%3A%22horizontal%22%7D\" class=\"brz-menu brz-menu__preview brz-css-drjl6m brz-css-1xi3nzn\">\n<ul class=\"brz-menu__ul\" data-menu-items-active=\"\">\n<li data-menu-item-id=\"\" class=\"brz-menu__item \"><a class=\"brz-a\" target=\"\" href=\"\" title=\"\"><span class=\"brz-span\"><\/span><\/a>\n<ul class=\"brz-menu__sub-menu\"><\/ul>\n<\/li>\n<\/ul>\n<\/nav>\n<div class=\"brz-mm-menu__icon\"><\/div>\n<nav data-mods=\"%7B%22desktop%22%3A%22horizontal%22%2C%22tablet%22%3A%22horizontal%22%2C%22mobile%22%3A%22horizontal%22%7D\" id=\"jubwkX8gTMCg_\" class=\"brz-menu brz-menu__preview brz-menu__mmenu brz-css-19gqkxi brz-css-1j9hrfs\">\n<ul class=\"brz-menu__ul\" data-menu-items-active=\"\">\n<li data-menu-item-id=\"\" class=\"brz-menu__item \"><a class=\"brz-a\" target=\"\" href=\"\" title=\"\"><span class=\"brz-span\"><\/span><\/a>\n<ul class=\"brz-menu__sub-menu\"><\/ul>\n<\/li>\n<\/ul>\n<\/nav>\n<\/div>\n<\/div>\n<\/div>\n<\/div>\n<div class=\"brz-columns brz-css-eexrt6 brz-css-1omqnfk\" data-brz-custom-id=\"lTxUxDKWZLjh\">\n<div class=\"brz-bg\"><\/div>\n<div class=\"brz-column__items brz-css-dgdo25 brz-css-1qlgbix\">\n<div class=\"brz-wrapper-clone brz-css-81gwqv brz-css-mto0we\">\n<div class=\"brz-d-xs-flex brz-flex-xs-wrap brz-css-pdyzmh brz-css-1c0j03c\" data-brz-custom-id=\"\">\n<div class=\"brz-wrapper-clone__item\" id=\"yevIM29jB0uM\">\n<div class=\"brz-icon__container\" data-brz-custom-id=\"yevIM29jB0uM\"><span class=\"brz-icon brz-span brz-css-1c6shks brz-css-123d5xt\"><\/span><\/div>\n<\/div>\n<\/div>\n<\/div>\n<\/div>\n<\/div>\n<\/div>\n<\/div>\n<\/div>\n<\/div>\n<\/div>\n<div class=\"brz-section__menu-item brz-css-3v0ha6 brz-css-lcxwhe\" data-brz-custom-id=\"qj5bxCDcSL6F\">\n<div class=\"brz-bg\">\n<div class=\"brz-bg-color\"><\/div>\n<\/div>\n<div class=\"brz-container brz-css-mrj1yf\">\n<div class=\"brz-row__container brz-css-1fcmfds\" data-brz-custom-id=\"vjCxV_G7pNY6\">\n<div class=\"brz-bg\"><\/div>\n<div class=\"brz-row brz-css-1slbpyg brz-css-78afc6\">\n<div class=\"brz-columns brz-css-eexrt6 brz-css-x2lsrt\" data-brz-custom-id=\"i4tyxfhTVpCw\">\n<div class=\"brz-bg\"><\/div>\n<div class=\"brz-column__items brz-css-dgdo25 brz-css-1hv1x4c\">\n<div id=\"\" class=\"brz-css-18rn53z brz-css-280zin brz-wrapper\">\n<div class=\"brz-image brz-css-1pscn2u\" data-brz-custom-id=\"xn60Asdfi7PO\"><a class=\"brz-a\" href=\"\" target=\"_self\" rel=\"noopener\" data-brz-link-type=\"page\"><img decoding=\"async\" class=\"brz-img\" src=\"https:\/\/acuiteqc.ca\/wp-content\/uploads\/brizy\/imgs\/cropped-logo_acuite_qc_couleur_fr-e1645818657209-198x80x0x0x198x80x1709149228.png\" alt=\"\" loading=\"lazy\"><\/a><\/div>\n<\/div>\n<\/div>\n<\/div>\n<div class=\"brz-columns brz-css-eexrt6 brz-css-kl5zzf\" data-brz-custom-id=\"zOsYPXYuq3nv\">\n<div class=\"brz-bg\"><\/div>\n<div class=\"brz-column__items brz-css-dgdo25 brz-css-17ddyk2\">\n<div id=\"\" class=\"brz-css-18rn53z brz-wrapper\">\n<div class=\"brz-menu__container brz-css-1s5qg7v brz-css-birdra\" data-mmenu-id=\"#ay2CrFg5Qg7m_\" data-mmenu-position=\"position-left\" data-mmenu-title=\"Main Menu\" data-mmenu-stickytitle=\"on\" data-mmenu-closingicon=\"%7B%22desktop%22%3A%22off%22%2C%22tablet%22%3A%22off%22%2C%22mobile%22%3A%22off%22%7D\" data-brz-custom-id=\"ay2CrFg5Qg7m\">\n<nav data-mods=\"%7B%22desktop%22%3A%22horizontal%22%2C%22tablet%22%3A%22horizontal%22%2C%22mobile%22%3A%22horizontal%22%7D\" class=\"brz-menu brz-menu__preview brz-css-drjl6m brz-css-y0iyfw\">\n<ul class=\"brz-menu__ul\" data-menu-items-active=\"\">\n<li data-menu-item-id=\"\" class=\"brz-menu__item \"><a class=\"brz-a\" target=\"\" href=\"\" title=\"\"><span class=\"brz-span\"><\/span><\/a>\n<ul class=\"brz-menu__sub-menu\"><\/ul>\n<\/li>\n<\/ul>\n<\/nav>\n<div class=\"brz-mm-menu__icon\"><\/div>\n<nav data-mods=\"%7B%22desktop%22%3A%22horizontal%22%2C%22tablet%22%3A%22horizontal%22%2C%22mobile%22%3A%22horizontal%22%7D\" id=\"ay2CrFg5Qg7m_\" class=\"brz-menu brz-menu__preview brz-menu__mmenu brz-css-19gqkxi brz-css-py5bu2\">\n<ul class=\"brz-menu__ul\" data-menu-items-active=\"\">\n<li data-menu-item-id=\"\" class=\"brz-menu__item \"><a class=\"brz-a\" target=\"\" href=\"\" title=\"\"><span class=\"brz-span\"><\/span><\/a>\n<ul class=\"brz-menu__sub-menu\"><\/ul>\n<\/li>\n<\/ul>\n<\/nav>\n<\/div>\n<\/div>\n<\/div>\n<\/div>\n<div class=\"brz-columns brz-css-eexrt6 brz-css-14o9hkf\" data-brz-custom-id=\"d36s1yCgz47a\">\n<div class=\"brz-bg\"><\/div>\n<div class=\"brz-column__items brz-css-dgdo25 brz-css-1rc4urg\">\n<div class=\"brz-wrapper-clone brz-css-81gwqv brz-css-d95fw0\">\n<div class=\"brz-d-xs-flex brz-flex-xs-wrap brz-css-pdyzmh brz-css-zm7tvh\" data-brz-custom-id=\"\">\n<div class=\"brz-wrapper-clone__item\" id=\"rtsJGdgKIULr\">\n<div class=\"brz-icon__container\" data-brz-custom-id=\"rtsJGdgKIULr\"><a class=\"brz-a\" href=\"https:\/\/www.linkedin.com\/showcase\/institut-de-pharmacologie-de-sherbrooke\/?viewAsMember=true\" target=\"_blank\" rel=\"noopener\" data-brz-link-type=\"external\"><span class=\"brz-icon brz-span brz-css-1c6shks brz-css-18ssr9g\"><\/span><\/a><\/div>\n<\/div>\n<\/div>\n<\/div>\n<\/div>\n<\/div>\n<\/div>\n<\/div>\n<\/div>\n<\/div>\n<\/section>\n<section id=\"_t64qBMvF9b0J\" class=\"brz-section brz-css-1kvj4s0\">\n<div class=\"brz-section__content brz-section--boxed brz-css-aw647h brz-css-1qzwaia\" data-brz-custom-id=\"cLUVmvg1L18M\">\n<div class=\"brz-bg\">\n<div class=\"brz-bg-image\"><\/div>\n<div class=\"brz-bg-color\"><\/div>\n<\/div>\n<div class=\"brz-container brz-css-lhnvgz\">\n<div class=\"brz-row__container brz-css-1fcmfds\" data-brz-custom-id=\"eBFT1wyMNy06\">\n<div class=\"brz-bg\"><\/div>\n<div class=\"brz-row brz-css-1slbpyg brz-css-agjw3p\">\n<div class=\"brz-columns brz-css-eexrt6 brz-css-17ypoqz\" data-brz-custom-id=\"xRG4MLQnjGBZ\">\n<div class=\"brz-bg\"><\/div>\n<div class=\"brz-column__items brz-css-dgdo25\">\n<div id=\"\" class=\"brz-css-18rn53z brz-wrapper\">\n<div class=\"brz-image brz-css-c45nyd\" data-brz-custom-id=\"t4M1BTlveplo\"><img decoding=\"async\" class=\"brz-img\" src=\"https:\/\/acuiteqc.ca\/wp-content\/uploads\/brizy\/imgs\/2022-10-27_IPS_ML_8157-1-599x599x22x22x555x555x1709156341.jpg\" alt=\"\" loading=\"lazy\"><\/div>\n<\/div>\n<\/div>\n<\/div>\n<div class=\"brz-columns brz-css-eexrt6 brz-css-1oejvcj\" data-brz-custom-id=\"ygf6fxLAGYYD\">\n<div class=\"brz-bg\"><\/div>\n<div class=\"brz-column__items brz-css-dgdo25 brz-css-166wmi4\">\n<div id=\"\" class=\"brz-css-18rn53z brz-css-1tqlxa6 brz-wrapper\">\n<div class=\"brz-rich-text brz-rich-text__custom brz-css-csfftf\" data-brz-custom-id=\"si8AYzvPlDha\">\n<div data-brz-translate-text=\"1\">\n<h2 class=\"brz-tp-lg-heading2 brz-css-uWF5v\" data-generated-css=\"brz-css-cE67Q\" data-uniq-id=\"kgFrR\"><span class=\"brz-cp-color4\">Mandat<\/span><\/h2>\n<\/div>\n<\/div>\n<\/div>\n<div id=\"\" class=\"brz-css-18rn53z brz-wrapper\">\n<div class=\"brz-rich-text brz-rich-text__custom brz-css-csfftf\" data-brz-custom-id=\"zVsOkBgNTlYH\">\n<div data-brz-translate-text=\"1\">\n<p class=\"ql-align-justify brz-mb-xs-0 brz-mb-lg-20 brz-mb-sm-0 brz-fss-lg-px brz-fw-lg-400 brz-ls-lg-0 brz-lh-lg-1_9 brz-vfw-lg-400 brz-fwdth-lg-100 brz-fsft-lg-0 brz-tp-lg-empty brz-ff-red_hat_text brz-ft-google brz-fs-lg-16 brz-css-hqrxF\" data-uniq-id=\"l7TLl\" data-generated-css=\"brz-css-ewBj1\"><span class=\"brz-cp-color7\">Le mandat confi\u00e9 \u00e0 Acuit\u00e9 Qu\u00e9bec par le MEI est d&rsquo;acc\u00e9l\u00e9rer la recherche du m\u00e9dicament en la rendant plus pr\u00e9cise. Pr\u00e9sentement, le d\u00e9veloppement d&rsquo;un nouveau m\u00e9dicament s&rsquo;\u00e9chelonne sur une p\u00e9riode variant entre 10 et 15 ans . Toutefois, pr\u00e8s de 9 fois sur 10, ces mol\u00e9cules ne se rendent pas jusqu&rsquo;\u00e0 la population. Le projet Acuit\u00e9 Qu\u00e9bec a \u00e9t\u00e9 lanc\u00e9 pour qu&rsquo;une \u00e9quipe multidisciplinaire alliant public et priv\u00e9 se penche s\u00e9rieusement sur cette probl\u00e9matique de la pharmacologie fondamentale.<\/span><\/p>\n<\/div>\n<\/div>\n<\/div>\n<div id=\"\" class=\"brz-css-18rn53z brz-wrapper\">\n<div class=\"brz-rich-text brz-rich-text__custom brz-css-csfftf\" data-brz-custom-id=\"vipteCMwMjBN\">\n<div data-brz-translate-text=\"1\">\n<h2 class=\"brz-tp-lg-heading2 brz-css-mf66Y\" data-generated-css=\"brz-css-sMZ18\" data-uniq-id=\"iKFCA\"><span class=\"brz-cp-color1\">Mission<\/span><\/h2>\n<\/div>\n<\/div>\n<\/div>\n<div id=\"\" class=\"brz-css-18rn53z brz-wrapper\">\n<div class=\"brz-rich-text brz-rich-text__custom brz-css-csfftf\" data-brz-custom-id=\"l1Xbhk9UHZqo\">\n<div data-brz-translate-text=\"1\">\n<h3 class=\"ql-align-justify brz-fss-lg-px brz-fw-lg-400 brz-ls-lg-0 brz-lh-lg-1_9 brz-vfw-lg-400 brz-fwdth-lg-100 brz-fsft-lg-0 brz-tp-lg-empty brz-ff-red_hat_text brz-ft-google brz-fs-lg-16 brz-css-qcOPG\" data-uniq-id=\"r0By_\" data-generated-css=\"brz-css-ayID0\"><span class=\"brz-cp-color7\">La mission du projet Acuit\u00e9 Qu\u00e9bec est donc de d\u00e9velopper des technologies d&rsquo;avant-garde guid\u00e9es par l&rsquo;intelligence artificielle qui permettront de mieux pr\u00e9dire et imager l&rsquo;action des m\u00e9dicaments. Pour ce faire, trois instituts et des partenaires publics et priv\u00e9s allieront leurs forces. En augmentant la pr\u00e9cision du processus de d\u00e9couverte du m\u00e9dicament, l&rsquo;\u00e9quipe d&rsquo;Acuit\u00e9 Qu\u00e9bec entend s&rsquo;attaquer \u00e0 la probl\u00e9matique \u00e0 grande \u00e9chelle.<\/span><\/h3>\n<p class=\"brz-tp-lg-paragraph brz-css-vwU54\" data-uniq-id=\"bb__t\" data-generated-css=\"brz-css-b7t6a\"><\/p>\n<\/div>\n<\/div>\n<\/div>\n<\/div>\n<\/div>\n<\/div>\n<\/div>\n<\/div>\n<\/div>\n<\/section>\n<footer id=\"_pY9zHlA7Rbgj\" class=\"brz-footer brz-css-11y9l4j brz-css-1j76feg\" data-brz-custom-id=\"pY9zHlA7Rbgj\">\n<div class=\"brz-bg\"><\/div>\n<div class=\"brz-container brz-css-pcukqx\">\n<div class=\"brz-row__container brz-css-1fcmfds\" data-brz-custom-id=\"ltqJki9NjpkN\">\n<div class=\"brz-bg\"><\/div>\n<div class=\"brz-row brz-css-1slbpyg brz-css-10wgkpj\">\n<div class=\"brz-columns brz-css-eexrt6 brz-css-1bo7t2i\" data-brz-custom-id=\"nTdI0HEUPibt\">\n<div class=\"brz-bg\"><\/div>\n<div class=\"brz-column__items brz-css-dgdo25 brz-css-1xss3qu\">\n<div id=\"\" class=\"brz-css-18rn53z brz-wrapper\">\n<div class=\"brz-menu__container brz-css-1s5qg7v brz-css-19tfqfx\" data-mmenu-id=\"#e9IkqteeTWaM_\" data-mmenu-position=\"position-left\" data-mmenu-title=\"Main Menu\" data-mmenu-stickytitle=\"on\" data-mmenu-closingicon=\"%7B%22desktop%22%3A%22off%22%2C%22tablet%22%3A%22off%22%2C%22mobile%22%3A%22off%22%7D\" data-brz-custom-id=\"e9IkqteeTWaM\">\n<nav data-mods=\"%7B%22desktop%22%3A%22horizontal%22%2C%22tablet%22%3A%22horizontal%22%2C%22mobile%22%3A%22horizontal%22%7D\" class=\"brz-menu brz-menu__preview brz-css-drjl6m brz-css-4ny9k\">\n<ul class=\"brz-menu__ul\" data-menu-items-active=\"\">\n<li data-menu-item-id=\"\" class=\"brz-menu__item \"><a class=\"brz-a\" target=\"\" href=\"\" title=\"\"><span class=\"brz-span\"><\/span><\/a>\n<ul class=\"brz-menu__sub-menu\"><\/ul>\n<\/li>\n<\/ul>\n<\/nav>\n<div class=\"brz-mm-menu__icon\"><\/div>\n<nav data-mods=\"%7B%22desktop%22%3A%22horizontal%22%2C%22tablet%22%3A%22horizontal%22%2C%22mobile%22%3A%22horizontal%22%7D\" id=\"e9IkqteeTWaM_\" class=\"brz-menu brz-menu__preview brz-menu__mmenu brz-css-19gqkxi brz-css-1x03m39\">\n<ul class=\"brz-menu__ul\" data-menu-items-active=\"\">\n<li data-menu-item-id=\"\" class=\"brz-menu__item \"><a class=\"brz-a\" target=\"\" href=\"\" title=\"\"><span class=\"brz-span\"><\/span><\/a>\n<ul class=\"brz-menu__sub-menu\"><\/ul>\n<\/li>\n<\/ul>\n<\/nav>\n<\/div>\n<\/div>\n<\/div>\n<\/div>\n<\/div>\n<\/div>\n<div class=\"brz-row__container brz-css-1fcmfds brz-css-3aw9p1\" data-brz-custom-id=\"n4VXKJNt8yu9\">\n<div class=\"brz-bg\"><\/div>\n<div class=\"brz-row brz-css-1slbpyg brz-css-6g1xzp\">\n<div class=\"brz-columns brz-css-eexrt6 brz-css-180o73\" data-brz-custom-id=\"yYkshibkzn4D\">\n<div class=\"brz-bg\"><\/div>\n<div class=\"brz-column__items brz-css-dgdo25 brz-css-19amvsa\">\n<div id=\"\" class=\"brz-css-18rn53z brz-wrapper\">\n<div class=\"brz-image brz-css-199shu2 brz-css-1ectjam\" data-brz-custom-id=\"saiyw6vMSjLz\"><img decoding=\"async\" class=\"brz-img\" src=\"https:\/\/acuiteqc.ca\/wp-content\/uploads\/2024\/02\/cropped-logo_acuite_qc_couleur_fr-e1645818657209.png\" alt=\"\" loading=\"lazy\"><\/div>\n<\/div>\n<\/div>\n<\/div>\n<div class=\"brz-columns brz-css-eexrt6 brz-css-hhtwej\" data-brz-custom-id=\"orWHtUN7fRbH\">\n<div class=\"brz-bg\"><\/div>\n<div class=\"brz-column__items brz-css-dgdo25 brz-css-jztlgy\">\n<div class=\"brz-wrapper-clone brz-css-81gwqv\">\n<div class=\"brz-d-xs-flex brz-flex-xs-wrap brz-css-pdyzmh brz-css-1n3usd5\" data-brz-custom-id=\"\">\n<div class=\"brz-wrapper-clone__item\" id=\"sY3MqqLGDUvM\">\n<div class=\"brz-icon__container\" data-brz-custom-id=\"sY3MqqLGDUvM\"><a class=\"brz-a\" href=\"\/\/www.linkedin.com\/showcase\/institut-de-pharmacologie-de-sherbrooke\/?viewAsMember=true\" target=\"_blank\" rel=\"noopener\" data-brz-link-type=\"external\"><span class=\"brz-icon brz-span brz-css-1c6shks brz-css-1njmaca\"><\/span><\/a><\/div>\n<\/div>\n<\/div>\n<\/div>\n<\/div>\n<\/div>\n<\/div>\n<\/div>\n<\/div>\n<\/footer>\n<\/div>\n<p>    <!-- version:1737149579 --><\/p>\n","protected":false},"excerpt":{"rendered":"<p>Mandat Le mandat confi\u00e9 \u00e0 Acuit\u00e9 Qu\u00e9bec par le MEI est d&rsquo;acc\u00e9l\u00e9rer la recherche du m\u00e9dicament en la rendant plus pr\u00e9cise. Pr\u00e9sentement, le d\u00e9veloppement d&rsquo;un nouveau m\u00e9dicament s&rsquo;\u00e9chelonne sur une p\u00e9riode variant entre 10 et 15 ans . Toutefois, pr\u00e8s de 9 fois sur 10, ces mol\u00e9cules ne se rendent [&hellip;]<\/p>\n","protected":false},"author":1,"featured_media":0,"parent":0,"menu_order":1,"comment_status":"closed","ping_status":"closed","template":"brizy-blank-template.php","meta":{"footnotes":""},"class_list":["post-4564","page","type-page","status-publish","hentry"],"brizy_media":[{"id":4623,"url":"https:\/\/acuiteqc.ca\/wp-content\/uploads\/2024\/02\/cropped-logo_acuite_qc_couleur_fr-e1645818657209.png","name":"cropped-logo_acuite_qc_couleur_fr-e1645818657209.png","meta":{"brizy_attachment_uid":"wp-fc13e596079808110ff58ace33b8ba4d.png","brizy_post_uid":["a24454d02118f130a7c5cfc975446374","4c2eb4d51a4cad78e720f4203c9bc5b0","ac2b065c69d56b18951318095b5e2752","ebfcfa07f18dec27b7943bf048053d06","246f1d3be1dbbbd4f18efacb530e8ac3","513826c95862c6663605cfb84140230c","2dbe7b704d9568389bfaed68ecbdd2eb","a4e232ff8cf9e4df2a830aafc25322a3","fc850eb32028c70df5a741a61b884b5f","eff05726c33b62fe0f13c5cd487e5269","ef223e16f777b29fd3e0d7044b511279"]}},{"id":4714,"url":"https:\/\/acuiteqc.ca\/wp-content\/uploads\/2024\/02\/2022-10-27_IPS_ML_8157-1.jpg","name":"2022-10-27_IPS_ML_8157-1.jpg","meta":{"brizy_attachment_uid":"wp-83a789443e270561936fce22da59c689.jpg","brizy_post_uid":["4c2eb4d51a4cad78e720f4203c9bc5b0","eff05726c33b62fe0f13c5cd487e5269"]}}],"_links":{"self":[{"href":"https:\/\/acuiteqc.ca\/index.php?rest_route=\/wp\/v2\/pages\/4564","targetHints":{"allow":["GET"]}}],"collection":[{"href":"https:\/\/acuiteqc.ca\/index.php?rest_route=\/wp\/v2\/pages"}],"about":[{"href":"https:\/\/acuiteqc.ca\/index.php?rest_route=\/wp\/v2\/types\/page"}],"author":[{"embeddable":true,"href":"https:\/\/acuiteqc.ca\/index.php?rest_route=\/wp\/v2\/users\/1"}],"replies":[{"embeddable":true,"href":"https:\/\/acuiteqc.ca\/index.php?rest_route=%2Fwp%2Fv2%2Fcomments&post=4564"}],"version-history":[{"count":20,"href":"https:\/\/acuiteqc.ca\/index.php?rest_route=\/wp\/v2\/pages\/4564\/revisions"}],"predecessor-version":[{"id":5228,"href":"https:\/\/acuiteqc.ca\/index.php?rest_route=\/wp\/v2\/pages\/4564\/revisions\/5228"}],"wp:attachment":[{"href":"https:\/\/acuiteqc.ca\/index.php?rest_route=%2Fwp%2Fv2%2Fmedia&parent=4564"}],"curies":[{"name":"wp","href":"https:\/\/api.w.org\/{rel}","templated":true}]}}